{"id":11851,"date":"2023-11-14T15:37:35","date_gmt":"2023-11-14T14:37:35","guid":{"rendered":"https:\/\/cadolino-werbeartikel.ch\/formulaire-dinscription-a-la-newsletter\/"},"modified":"2024-01-12T17:05:32","modified_gmt":"2024-01-12T16:05:32","slug":"formulaire-dinscription-a-la-newsletter","status":"publish","type":"page","link":"https:\/\/cadolino-werbeartikel.ch\/fr\/formulaire-dinscription-a-la-newsletter\/","title":{"rendered":"Formulaire d&#8217;inscription \u00e0\u00a0 la newsletter"},"content":{"rendered":"<p><section data-bb-version=\"4.7.6\" id=\"bt_bb_section69e642deedb6a\" class=\"bt_bb_section bt_bb_color_scheme_10 bt_bb_layout_boxed_1200 bt_bb_vertical_align_top bt_bb_bottom_section_coverage_image bt_bb_section_with_bottom_coverage_image bt_bb_top_spacing_large bt_bb_bottom_spacing_large bt_bb_section_allow_content_outside\" style=\"; --section-primary-color:#ffffff; --section-secondary-color:#212120;;background-color:rgb(33,33,32);\" data-bt-override-class=\"{&quot;bt_bb_top_spacing_&quot;:{&quot;current_class&quot;:&quot;bt_bb_top_spacing_large&quot;,&quot;def&quot;:&quot;large&quot;},&quot;bt_bb_bottom_spacing_&quot;:{&quot;current_class&quot;:&quot;bt_bb_bottom_spacing_large&quot;,&quot;def&quot;:&quot;large&quot;}}\"><div class=\"bt_bb_port\"><div class=\"bt_bb_cell\"><div class=\"bt_bb_cell_inner\"><div class=\"bt_bb_row \"  data-bt-override-class=\"{}\"><div class=\"bt_bb_row_holder\" ><div  class=\"bt_bb_column col-xxl-3 col-xl-3 bt_bb_vertical_align_top bt_bb_align_left bt_bb_padding_normal\" style=\"; --column-width:3;\" data-width=\"3\" data-bt-override-class=\"{}\"><div class=\"bt_bb_column_content\"><div class=\"bt_bb_column_content_inner\"><\/div><\/div><\/div><div  class=\"bt_bb_column col-xxl-6 col-xl-6 bt_bb_vertical_align_middle bt_bb_align_center bt_bb_padding_double bt_bb_animation_fade_in zoom_out animate\" style=\"; --column-width:6;\" data-width=\"6\" data-bt-override-class=\"{}\"><div class=\"bt_bb_column_content\"><div class=\"bt_bb_column_content_inner\"><div data-bb-version=\"4.7.5\" class=\"bt_bb_separator bt_bb_border_style_none bt_bb_border_color_none bt_bb_top_spacing_medium bt_bb_bottom_spacing_medium\" data-bt-override-class=\"{&quot;bt_bb_top_spacing_&quot;:{&quot;current_class&quot;:&quot;bt_bb_top_spacing_medium&quot;,&quot;def&quot;:&quot;medium&quot;},&quot;bt_bb_bottom_spacing_&quot;:{&quot;current_class&quot;:&quot;bt_bb_bottom_spacing_medium&quot;,&quot;def&quot;:&quot;medium&quot;}}\"><\/div><header data-bb-version=\"4.7.6\" class=\"bt_bb_headline bt_bb_font_weight_bold bt_bb_dash_none bt_bb_supertitle_style_accent bt_bb_size_extralarge bt_bb_align_inherit\" data-bt-override-class=\"{&quot;bt_bb_size_&quot;:{&quot;current_class&quot;:&quot;bt_bb_size_extralarge&quot;,&quot;def&quot;:&quot;extralarge&quot;},&quot;bt_bb_align_&quot;:{&quot;current_class&quot;:&quot;bt_bb_align_inherit&quot;,&quot;def&quot;:&quot;inherit&quot;}}\"><h1 style=\"letter-spacing:-3px\" class=\"bt_bb_headline_tag\"><span class=\"bt_bb_headline_content\"><span>Formulaire d&apos;inscription \u00e0  la newsletter<\/span><\/span><\/h1><\/header><\/div><\/div><\/div><div  class=\"bt_bb_column col-xxl-3 col-xl-3 bt_bb_vertical_align_top bt_bb_align_left bt_bb_padding_normal\" style=\"; --column-width:3;\" data-width=\"3\" data-bt-override-class=\"{}\"><div class=\"bt_bb_column_content\"><div class=\"bt_bb_column_content_inner\"><\/div><\/div><\/div><\/div><\/div><\/div><!-- cell_inner --><\/div><!-- cell --><\/div><!-- port --><div class=\"bt_bb_section_bottom_section_coverage_image\"><img decoding=\"async\" src=\"https:\/\/cadolino-werbeartikel.ch\/wp-content\/uploads\/2020\/09\/bottom_left_grey.png\" alt=\"bt_bb_section_bottom_section_coverage_image\" \/><\/div><\/section><section data-bb-version=\"4.7.6\" id=\"bt_bb_section69e642deedea7\" class=\"bt_bb_section bt_bb_color_scheme_2 bt_bb_layout_wide bt_bb_vertical_align_top bt_bb_top_spacing_none bt_bb_bottom_spacing_none\" style=\"; --section-primary-color:#191919; --section-secondary-color:#ffffff;;background-color:rgb(242,242,242);\" data-bt-override-class=\"{&quot;bt_bb_top_spacing_&quot;:{&quot;current_class&quot;:&quot;bt_bb_top_spacing_none&quot;,&quot;def&quot;:&quot;none&quot;},&quot;bt_bb_bottom_spacing_&quot;:{&quot;current_class&quot;:&quot;bt_bb_bottom_spacing_none&quot;,&quot;def&quot;:&quot;none&quot;}}\"><div class=\"bt_bb_port\"><div class=\"bt_bb_cell\"><div class=\"bt_bb_cell_inner\"><div data-bb-version=\"4.7.6\" class=\"bt_bb_row bt_bb_row_push_left bt_bb_content_wide bt_bb_row_width_boxed_1200 bt_bb_row_width_boxed  bt_bb_column_gap_30\" style=\"; --column-gap:30px;\" data-bt-override-class=\"{}\"><div class=\"bt_bb_row_holder\" ><div  class=\"bt_bb_column col-xxl-6 col-xl-6 col-xs-12 col-sm-6 col-md-6 col-lg-6 bt_bb_vertical_align_top bt_bb_align_left bt_bb_padding_normal\" style=\"position: relative;; --column-width:6;\" data-width=\"6\" data-bt-override-class=\"{}\"><div class=\"bt_bb_column_content\"><div class=\"bt_bb_column_content_inner\"><div data-bb-version=\"4.7.6\" class=\"bt_bb_image bt_bb_shape_square bt_bb_target_self bt_bb_align_inherit bt_bb_hover_style_simple bt_bb_content_display_always bt_bb_content_align_middle\" data-bt-override-class=\"{&quot;bt_bb_align_&quot;:{&quot;current_class&quot;:&quot;bt_bb_align_inherit&quot;,&quot;def&quot;:&quot;inherit&quot;},&quot;bt_bb_content_display_&quot;:{&quot;current_class&quot;:&quot;bt_bb_content_display_always&quot;,&quot;def&quot;:&quot;always&quot;}}\"><span><img fetchpriority=\"high\" decoding=\"async\" width=\"2560\" height=\"1707\" src=\"https:\/\/cadolino-werbeartikel.ch\/wp-content\/uploads\/2023\/11\/news.jpg\" class=\"attachment-full size-full\" alt=\"Toy bricks on the table\" data-full_image_src=\"https:\/\/cadolino-werbeartikel.ch\/wp-content\/uploads\/2023\/11\/news.jpg\" title=\"Toy bricks\" loading=\"eager\" srcset=\"https:\/\/cadolino-werbeartikel.ch\/wp-content\/uploads\/2023\/11\/news.jpg 2560w, https:\/\/cadolino-werbeartikel.ch\/wp-content\/uploads\/2023\/11\/news-640x427.jpg 640w, https:\/\/cadolino-werbeartikel.ch\/wp-content\/uploads\/2023\/11\/news-768x512.jpg 768w, https:\/\/cadolino-werbeartikel.ch\/wp-content\/uploads\/2023\/11\/news-1280x854.jpg 1280w, https:\/\/cadolino-werbeartikel.ch\/wp-content\/uploads\/2023\/11\/news-1536x1024.jpg 1536w, https:\/\/cadolino-werbeartikel.ch\/wp-content\/uploads\/2023\/11\/news-2048x1366.jpg 2048w, https:\/\/cadolino-werbeartikel.ch\/wp-content\/uploads\/2023\/11\/news-320x213.jpg 320w, https:\/\/cadolino-werbeartikel.ch\/wp-content\/uploads\/2023\/11\/news-540x360.jpg 540w, https:\/\/cadolino-werbeartikel.ch\/wp-content\/uploads\/2023\/11\/news-1080x720.jpg 1080w, https:\/\/cadolino-werbeartikel.ch\/wp-content\/uploads\/2023\/11\/news-1920x1280.jpg 1920w, https:\/\/cadolino-werbeartikel.ch\/wp-content\/uploads\/2023\/11\/news-1200x800.jpg 1200w\" sizes=\"(max-width: 2560px) 100vw, 2560px\" \/><\/span><\/div><\/div><\/div><\/div><div data-bb-version=\"4.7.6\"  class=\"bt_bb_column col-xxl-6 col-xl-6 col-xs-12 col-sm-6 col-md-6 col-lg-6 bt_bb_vertical_align_top bt_bb_align_left bt_bb_padding_10 bt_bb_animation_fade_in animate\" style=\"; --column-width:6;\" data-width=\"6\" data-bt-override-class=\"{&quot;bt_bb_align_&quot;:{&quot;current_class&quot;:&quot;bt_bb_align_left&quot;,&quot;def&quot;:&quot;left&quot;},&quot;bt_bb_padding_&quot;:{&quot;current_class&quot;:&quot;bt_bb_padding_10&quot;,&quot;def&quot;:&quot;10&quot;}}\"><div class=\"bt_bb_column_content\"><div class=\"bt_bb_column_content_inner\"><div data-bb-version=\"4.7.6\" class=\"bt_bb_separator bt_bb_border_style_none bt_bb_border_color_none bt_bb_top_spacing_none bt_bb_bottom_spacing_normal\" data-bt-override-class=\"{&quot;bt_bb_top_spacing_&quot;:{&quot;current_class&quot;:&quot;bt_bb_top_spacing_none&quot;,&quot;def&quot;:&quot;none&quot;},&quot;bt_bb_bottom_spacing_&quot;:{&quot;current_class&quot;:&quot;bt_bb_bottom_spacing_normal&quot;,&quot;def&quot;:&quot;normal&quot;}}\"><\/div><header data-bb-version=\"4.7.6\" class=\"bt_bb_headline bt_bb_dash_none bt_bb_supertitle_style_accent bt_bb_subheadline bt_bb_size_large bt_bb_align_inherit\" data-bt-override-class=\"{&quot;bt_bb_size_&quot;:{&quot;current_class&quot;:&quot;bt_bb_size_large&quot;,&quot;def&quot;:&quot;large&quot;},&quot;bt_bb_align_&quot;:{&quot;current_class&quot;:&quot;bt_bb_align_inherit&quot;,&quot;def&quot;:&quot;inherit&quot;}}\"><h2 class=\"bt_bb_headline_tag\"><span class=\"bt_bb_headline_content\"><span>S&apos;inscrire \u00e0  la newsletter<\/span><\/span><\/h2><div class=\"bt_bb_headline_subheadline\">Vous ne voulez manquer aucun contenu &amp ; nouvelles sur les th\u00e8mes des articles publicitaires, des cadeaux pour les clients et des cadeaux pour les collaborateurs?<\/div><\/header><div class=\"bt_bb_separator bt_bb_border_style_none bt_bb_border_color_none bt_bb_bottom_spacing_normal\" data-bt-override-class=\"null\"><\/div><div data-bb-version=\"4.7.6\" class=\"bt_bb_contact_form_7\">\n<div class=\"wpcf7 no-js\" id=\"wpcf7-f14611-o1\" lang=\"fr-FR\" dir=\"ltr\" data-wpcf7-id=\"14611\">\n<div class=\"screen-reader-response\"><p role=\"status\" aria-live=\"polite\" aria-atomic=\"true\"><\/p> <ul><\/ul><\/div>\n<form action=\"\/fr\/wp-json\/wp\/v2\/pages\/11851#wpcf7-f14611-o1\" method=\"post\" class=\"wpcf7-form init\" aria-label=\"Contact form\" novalidate=\"novalidate\" data-status=\"init\">\n<fieldset class=\"hidden-fields-container\"><input type=\"hidden\" name=\"_wpcf7\" value=\"14611\" \/><input type=\"hidden\" name=\"_wpcf7_version\" value=\"6.1.5\" \/><input type=\"hidden\" name=\"_wpcf7_locale\" value=\"fr_FR\" \/><input type=\"hidden\" name=\"_wpcf7_unit_tag\" value=\"wpcf7-f14611-o1\" \/><input type=\"hidden\" name=\"_wpcf7_container_post\" value=\"0\" \/><input type=\"hidden\" name=\"_wpcf7_posted_data_hash\" value=\"\" \/><input type=\"hidden\" name=\"_wpcf7_recaptcha_response\" value=\"\" \/>\n<\/fieldset>\n<div class=\"btNewsletterColumn\">\n\t<p><span class=\"wpcf7-form-control-wrap\" data-name=\"radio-195\"><span class=\"wpcf7-form-control wpcf7-radio\" id=\"Anrede\"><span class=\"wpcf7-list-item first\"><label><span class=\"wpcf7-list-item-label\">Madame<\/span><input type=\"radio\" name=\"radio-195\" value=\"Madame\" checked=\"checked\" \/><\/label><\/span><span class=\"wpcf7-list-item last\"><label><span class=\"wpcf7-list-item-label\">Monsieur<\/span><input type=\"radio\" name=\"radio-195\" value=\"Monsieur\" \/><\/label><\/span><\/span><\/span>\n\t<\/p>\n<\/div>\n<div class=\"btNewsletterColumn\">\n\t<p><span class=\"wpcf7-form-control-wrap\" data-name=\"text-364\"><input size=\"40\" maxlength=\"400\" class=\"wpcf7-form-control wpcf7-text wpcf7-validates-as-required\" aria-required=\"true\" aria-invalid=\"false\" placeholder=\"Nom*\" value=\"\" type=\"text\" name=\"text-364\" \/><\/span>\n\t<\/p>\n<\/div>\n<div class=\"btNewsletterColumn\">\n\t<p><span class=\"wpcf7-form-control-wrap\" data-name=\"text-136\"><input size=\"40\" maxlength=\"400\" class=\"wpcf7-form-control wpcf7-text\" aria-invalid=\"false\" placeholder=\"Entreprise\" value=\"\" type=\"text\" name=\"text-136\" \/><\/span>\n\t<\/p>\n<\/div>\n<div class=\"btNewsletterColumn\">\n\t<p><span class=\"wpcf7-form-control-wrap\" data-name=\"your-email\"><input size=\"40\" maxlength=\"400\" class=\"wpcf7-form-control wpcf7-email wpcf7-validates-as-required wpcf7-text wpcf7-validates-as-email\" aria-required=\"true\" aria-invalid=\"false\" placeholder=\"Votre adresse e-mail*\" value=\"\" type=\"email\" name=\"your-email\" \/><\/span>\n\t<\/p>\n<\/div>\n<p><span class=\"wpcf7-form-control-wrap\">\n\t\t\t\t\t\t<span class=\"wpcf7-form-control wpcf7-checkbox wpcf7-validates-as-required wpcf7-acceptance optional\">\n\t\t\t\t\t\t\t<span class=\"wpcf7-list-item first last\">\n\t\t\t\t\t\t\t\t<label>\n\t\t\t\t\t\t\t\t\t<input type=\"checkbox\" name=\"cleverreach\" checked=\"checked\" \/>\n\t\t\t\t\t\t\t\t\t<span class=\"wpcf7-list-item-label\">S'abonner \u00e0  la newsletter<\/span>\n\t\t\t\t\t\t\t\t<\/label>\n\t\t\t\t\t\t\t<\/span>\n\t\t\t\t\t\t<\/span>\n\t\t\t\t\t <\/span>\n<\/p>\n<div class=\"btNewsletterButton\">\n\t<p><input class=\"wpcf7-form-control wpcf7-submit has-spinner\" type=\"submit\" value=\"Inscription\" \/>\n\t<\/p>\n<\/div><div class=\"wpcf7-response-output\" aria-hidden=\"true\"><\/div>\n<\/form>\n<\/div>\n<\/div><\/div><\/div><\/div><\/div><\/div><\/div><!-- cell_inner --><\/div><!-- cell --><\/div><!-- port --><\/section><section data-bb-version=\"4.7.6\" id=\"bt_bb_section69e642deeee7f\" class=\"bt_bb_section bt_bb_layout_boxed_1200\"  data-bt-override-class=\"null\"><div class=\"bt_bb_port\"><div class=\"bt_bb_cell\"><div class=\"bt_bb_cell_inner\"><div data-bb-version=\"4.7.6\" class=\"bt_bb_row \"  data-bt-override-class=\"{}\"><div class=\"bt_bb_row_holder\" ><div data-bb-version=\"4.7.6\"  class=\"bt_bb_column col-xxl-12 col-xl-12 col-xs-12 col-sm-12 col-md-12 col-lg-12 bt_bb_vertical_align_top bt_bb_align_left bt_bb_padding_normal\" style=\"; --column-width:12;\" data-width=\"12\" data-bt-override-class=\"{}\"><div class=\"bt_bb_column_content\"><div class=\"bt_bb_column_content_inner\"><div data-bb-version=\"4.7.6\" class=\"bt_bb_separator bt_bb_border_style_none bt_bb_border_color_none bt_bb_top_spacing_medium bt_bb_bottom_spacing_none\" data-bt-override-class=\"{&quot;bt_bb_top_spacing_&quot;:{&quot;current_class&quot;:&quot;bt_bb_top_spacing_medium&quot;,&quot;def&quot;:&quot;medium&quot;},&quot;bt_bb_bottom_spacing_&quot;:{&quot;current_class&quot;:&quot;bt_bb_bottom_spacing_none&quot;,&quot;def&quot;:&quot;none&quot;}}\"><\/div><div data-bb-version=\"4.7.6\"  class=\"bt_bb_text\" ><\/p>\n<p><strong>* Champs obligatoires : Nous avons besoin de ces informations minimales pour vous contacter.<\/p>\n<p>Remarque sur la protection des donn\u00e9es :<br \/>\nEn vous inscrivant \u00e0\u00a0 la newsletter, vous acceptez que vos donn\u00e9es soient enregistr\u00e9es. Les donn\u00e9es que vous fournissez ici seront utilis\u00e9es et stock\u00e9es exclusivement dans le but de vous contacter pour l&#8217;envoi de la newsletter. Vous pouvez toutefois vous d\u00e9sinscrire \u00e0\u00a0 tout moment de l&#8217;envoi de la newsletter et vos donn\u00e9es seront ainsi supprim\u00e9es chez nous.<\/p>\n<p><strong>Pourquoi s&#8217;abonner \u00e0\u00a0 notre newsletter ? <\/strong>.<\/p>\n<p>Nouvelles sur les th\u00e8mes des objets publicitaires, des cadeaux pour les clients et des cadeaux pour les collaborateurs<br \/>\nNous pouvons vous assurer d&#8217;une chose ici &#8211; nous ne vous &#8220;bombarderons&#8221; pas de newsletters. Si nous avons quelque chose d&#8217;utile et de vraiment nouveau \u00e0\u00a0 communiquer, nous le ferons par le biais d&#8217;une newsletter. Mais vous ne recevrez une telle newsletter que toutes les 5 \u00e0\u00a0 6 semaines au maximum. Nous vous informerons \u00e9galement en permanence sur les th\u00e8mes du markeding, de l&#8217;emex et d&#8217;autres \u00e9v\u00e9nements. Mais notre message principal restera toujours les articles publicitaires. Nous voulons vous tenir au courant, dans la mesure du possible, des nouveaut\u00e9s et des id\u00e9es tendance et vous informer en premier lieu des \u00e9volutions sur le march\u00e9 des articles publicitaires. Cela vaut donc la peine de s&#8217;abonner \u00e0\u00a0 notre newsletter cadolino.<\/p>\n<p>Qu&#8217;il s&#8217;agisse d&#8217;articles publicitaires techniques, de textiles modernes, de nouveaut\u00e9s dans le domaine des primes, des articles de diffusion, des cadeaux pour les collaborateurs et les clients, vous serez les premiers inform\u00e9s des nouveaut\u00e9s qui viennent d&#8217;arriver. Et vous trouverez certainement dans notre newsletter des actions sp\u00e9ciales, des concours et des conseils sur la mani\u00e8re d&#8217;utiliser correctement les articles publicitaires. Le marketing cross-m\u00e9dia est le marketing de l&#8217;avenir. Vous avez besoin de plus d&#8217;arguments ?<\/p>\n<p>Cadolino articles publicitaires Suisse &#8211; touching solutions !<\/p>\n<p>\n<\/div><\/div><\/div><\/div><\/div><\/div><\/div><!-- cell_inner --><\/div><!-- cell --><\/div><!-- port --><\/section><\/p>\n","protected":false},"excerpt":{"rendered":"","protected":false},"author":237710207,"featured_media":0,"parent":0,"menu_order":0,"comment_status":"closed","ping_status":"open","template":"","meta":{"footnotes":""},"class_list":["post-11851","page","type-page","status-publish","hentry"],"yoast_head":"<!-- This site is optimized with the Yoast SEO Premium plugin v27.1 (Yoast SEO v27.1.1) - https:\/\/yoast.com\/product\/yoast-seo-premium-wordpress\/ -->\n<title>Formulaire d&#039;inscription \u00e0\u00a0 la newsletter - cadolino<\/title>\n<meta name=\"robots\" content=\"index, follow, max-snippet:-1, max-image-preview:large, max-video-preview:-1\" \/>\n<link rel=\"canonical\" href=\"https:\/\/cadolino-werbeartikel.ch\/fr\/formulaire-dinscription-a-la-newsletter\/\" \/>\n<meta property=\"og:locale\" content=\"fr_FR\" \/>\n<meta property=\"og:type\" content=\"article\" \/>\n<meta property=\"og:title\" content=\"Formulaire d&#039;inscription \u00e0\u00a0 la newsletter\" \/>\n<meta property=\"og:url\" content=\"https:\/\/cadolino-werbeartikel.ch\/fr\/formulaire-dinscription-a-la-newsletter\/\" \/>\n<meta property=\"og:site_name\" content=\"cadolino\" \/>\n<meta property=\"article:publisher\" content=\"https:\/\/de-de.facebook.com\/cadolinoSchweiz\" \/>\n<meta property=\"article:modified_time\" content=\"2024-01-12T16:05:32+00:00\" \/>\n<meta name=\"twitter:card\" content=\"summary_large_image\" \/>\n<meta name=\"twitter:label1\" content=\"Est. reading time\" \/>\n\t<meta name=\"twitter:data1\" content=\"6 minutes\" \/>\n<script type=\"application\/ld+json\" class=\"yoast-schema-graph\">{\"@context\":\"https:\/\/schema.org\",\"@graph\":[{\"@type\":\"WebPage\",\"@id\":\"https:\/\/cadolino-werbeartikel.ch\/fr\/formulaire-dinscription-a-la-newsletter\/\",\"url\":\"https:\/\/cadolino-werbeartikel.ch\/fr\/formulaire-dinscription-a-la-newsletter\/\",\"name\":\"Formulaire d'inscription \u00e0\u00a0 la newsletter - cadolino\",\"isPartOf\":{\"@id\":\"https:\/\/cadolino-werbeartikel.ch\/fr\/#website\"},\"datePublished\":\"2023-11-14T14:37:35+00:00\",\"dateModified\":\"2024-01-12T16:05:32+00:00\",\"breadcrumb\":{\"@id\":\"https:\/\/cadolino-werbeartikel.ch\/fr\/formulaire-dinscription-a-la-newsletter\/#breadcrumb\"},\"inLanguage\":\"fr-FR\",\"potentialAction\":[{\"@type\":\"ReadAction\",\"target\":[\"https:\/\/cadolino-werbeartikel.ch\/fr\/formulaire-dinscription-a-la-newsletter\/\"]}]},{\"@type\":\"BreadcrumbList\",\"@id\":\"https:\/\/cadolino-werbeartikel.ch\/fr\/formulaire-dinscription-a-la-newsletter\/#breadcrumb\",\"itemListElement\":[{\"@type\":\"ListItem\",\"position\":1,\"name\":\"Startseite\",\"item\":\"https:\/\/cadolino-werbeartikel.ch\/fr\/\"},{\"@type\":\"ListItem\",\"position\":2,\"name\":\"Formulaire d&#8217;inscription \u00e0\u00a0 la newsletter\"}]},{\"@type\":\"WebSite\",\"@id\":\"https:\/\/cadolino-werbeartikel.ch\/fr\/#website\",\"url\":\"https:\/\/cadolino-werbeartikel.ch\/fr\/\",\"name\":\"cadolino Werbeartikel Schweiz\",\"description\":\"Werbegeschenke\",\"publisher\":{\"@id\":\"https:\/\/cadolino-werbeartikel.ch\/fr\/#organization\"},\"potentialAction\":[{\"@type\":\"SearchAction\",\"target\":{\"@type\":\"EntryPoint\",\"urlTemplate\":\"https:\/\/cadolino-werbeartikel.ch\/fr\/?s={search_term_string}\"},\"query-input\":{\"@type\":\"PropertyValueSpecification\",\"valueRequired\":true,\"valueName\":\"search_term_string\"}}],\"inLanguage\":\"fr-FR\"},{\"@type\":\"Organization\",\"@id\":\"https:\/\/cadolino-werbeartikel.ch\/fr\/#organization\",\"name\":\"cadolino werbeartikel schweiz\",\"alternateName\":\"comTeam AG cadolino\",\"url\":\"https:\/\/cadolino-werbeartikel.ch\/fr\/\",\"logo\":{\"@type\":\"ImageObject\",\"inLanguage\":\"fr-FR\",\"@id\":\"https:\/\/cadolino-werbeartikel.ch\/fr\/#\/schema\/logo\/image\/\",\"url\":\"https:\/\/cadolino-werbeartikel.ch\/wp-content\/uploads\/2025\/06\/Logo_cadolino_neu-Claim.png\",\"contentUrl\":\"https:\/\/cadolino-werbeartikel.ch\/wp-content\/uploads\/2025\/06\/Logo_cadolino_neu-Claim.png\",\"width\":1313,\"height\":443,\"caption\":\"cadolino werbeartikel schweiz\"},\"image\":{\"@id\":\"https:\/\/cadolino-werbeartikel.ch\/fr\/#\/schema\/logo\/image\/\"},\"sameAs\":[\"https:\/\/de-de.facebook.com\/cadolinoSchweiz\",\"https:\/\/www.linkedin.com\/company\/comteam-ag-cadolino\/\",\"https:\/\/www.instagram.com\/cadolino_com\/\",\"https:\/\/www.youtube.com\/channel\/UCoGYtOpTZ5T1aBzxaFUA_ug\/videos\"]}]}<\/script>\n<!-- \/ Yoast SEO Premium plugin. -->","yoast_head_json":{"title":"Formulaire d'inscription \u00e0\u00a0 la newsletter - cadolino","robots":{"index":"index","follow":"follow","max-snippet":"max-snippet:-1","max-image-preview":"max-image-preview:large","max-video-preview":"max-video-preview:-1"},"canonical":"https:\/\/cadolino-werbeartikel.ch\/fr\/formulaire-dinscription-a-la-newsletter\/","og_locale":"fr_FR","og_type":"article","og_title":"Formulaire d'inscription \u00e0\u00a0 la newsletter","og_url":"https:\/\/cadolino-werbeartikel.ch\/fr\/formulaire-dinscription-a-la-newsletter\/","og_site_name":"cadolino","article_publisher":"https:\/\/de-de.facebook.com\/cadolinoSchweiz","article_modified_time":"2024-01-12T16:05:32+00:00","twitter_card":"summary_large_image","twitter_misc":{"Est. reading time":"6 minutes"},"schema":{"@context":"https:\/\/schema.org","@graph":[{"@type":"WebPage","@id":"https:\/\/cadolino-werbeartikel.ch\/fr\/formulaire-dinscription-a-la-newsletter\/","url":"https:\/\/cadolino-werbeartikel.ch\/fr\/formulaire-dinscription-a-la-newsletter\/","name":"Formulaire d'inscription \u00e0\u00a0 la newsletter - cadolino","isPartOf":{"@id":"https:\/\/cadolino-werbeartikel.ch\/fr\/#website"},"datePublished":"2023-11-14T14:37:35+00:00","dateModified":"2024-01-12T16:05:32+00:00","breadcrumb":{"@id":"https:\/\/cadolino-werbeartikel.ch\/fr\/formulaire-dinscription-a-la-newsletter\/#breadcrumb"},"inLanguage":"fr-FR","potentialAction":[{"@type":"ReadAction","target":["https:\/\/cadolino-werbeartikel.ch\/fr\/formulaire-dinscription-a-la-newsletter\/"]}]},{"@type":"BreadcrumbList","@id":"https:\/\/cadolino-werbeartikel.ch\/fr\/formulaire-dinscription-a-la-newsletter\/#breadcrumb","itemListElement":[{"@type":"ListItem","position":1,"name":"Startseite","item":"https:\/\/cadolino-werbeartikel.ch\/fr\/"},{"@type":"ListItem","position":2,"name":"Formulaire d&#8217;inscription \u00e0\u00a0 la newsletter"}]},{"@type":"WebSite","@id":"https:\/\/cadolino-werbeartikel.ch\/fr\/#website","url":"https:\/\/cadolino-werbeartikel.ch\/fr\/","name":"cadolino Werbeartikel Schweiz","description":"Werbegeschenke","publisher":{"@id":"https:\/\/cadolino-werbeartikel.ch\/fr\/#organization"},"potentialAction":[{"@type":"SearchAction","target":{"@type":"EntryPoint","urlTemplate":"https:\/\/cadolino-werbeartikel.ch\/fr\/?s={search_term_string}"},"query-input":{"@type":"PropertyValueSpecification","valueRequired":true,"valueName":"search_term_string"}}],"inLanguage":"fr-FR"},{"@type":"Organization","@id":"https:\/\/cadolino-werbeartikel.ch\/fr\/#organization","name":"cadolino werbeartikel schweiz","alternateName":"comTeam AG cadolino","url":"https:\/\/cadolino-werbeartikel.ch\/fr\/","logo":{"@type":"ImageObject","inLanguage":"fr-FR","@id":"https:\/\/cadolino-werbeartikel.ch\/fr\/#\/schema\/logo\/image\/","url":"https:\/\/cadolino-werbeartikel.ch\/wp-content\/uploads\/2025\/06\/Logo_cadolino_neu-Claim.png","contentUrl":"https:\/\/cadolino-werbeartikel.ch\/wp-content\/uploads\/2025\/06\/Logo_cadolino_neu-Claim.png","width":1313,"height":443,"caption":"cadolino werbeartikel schweiz"},"image":{"@id":"https:\/\/cadolino-werbeartikel.ch\/fr\/#\/schema\/logo\/image\/"},"sameAs":["https:\/\/de-de.facebook.com\/cadolinoSchweiz","https:\/\/www.linkedin.com\/company\/comteam-ag-cadolino\/","https:\/\/www.instagram.com\/cadolino_com\/","https:\/\/www.youtube.com\/channel\/UCoGYtOpTZ5T1aBzxaFUA_ug\/videos"]}]}},"_links":{"self":[{"href":"https:\/\/cadolino-werbeartikel.ch\/fr\/wp-json\/wp\/v2\/pages\/11851","targetHints":{"allow":["GET"]}}],"collection":[{"href":"https:\/\/cadolino-werbeartikel.ch\/fr\/wp-json\/wp\/v2\/pages"}],"about":[{"href":"https:\/\/cadolino-werbeartikel.ch\/fr\/wp-json\/wp\/v2\/types\/page"}],"author":[{"embeddable":true,"href":"https:\/\/cadolino-werbeartikel.ch\/fr\/wp-json\/wp\/v2\/users\/237710207"}],"replies":[{"embeddable":true,"href":"https:\/\/cadolino-werbeartikel.ch\/fr\/wp-json\/wp\/v2\/comments?post=11851"}],"version-history":[{"count":0,"href":"https:\/\/cadolino-werbeartikel.ch\/fr\/wp-json\/wp\/v2\/pages\/11851\/revisions"}],"wp:attachment":[{"href":"https:\/\/cadolino-werbeartikel.ch\/fr\/wp-json\/wp\/v2\/media?parent=11851"}],"curies":[{"name":"wp","href":"https:\/\/api.w.org\/{rel}","templated":true}]}}