{"id":47337,"date":"2025-12-31T11:03:43","date_gmt":"2025-12-31T10:03:43","guid":{"rendered":"https:\/\/cadolino-werbeartikel.ch\/?page_id=47337"},"modified":"2025-12-31T11:59:53","modified_gmt":"2025-12-31T10:59:53","slug":"cadolino-werbeartikel-recherche-des-renforts-pour-son-service-commercial","status":"publish","type":"page","link":"https:\/\/cadolino-werbeartikel.ch\/fr\/cadolino-werbeartikel-recherche-des-renforts-pour-son-service-commercial\/","title":{"rendered":"cadolino-werbeartikel recherche des renforts pour son service commercial !"},"content":{"rendered":"<p><section data-bb-version=\"4.7.6\" id=\"bt_bb_section69e6519e08974\" class=\"bt_bb_section bt_bb_color_scheme_10 bt_bb_layout_boxed_1200 bt_bb_vertical_align_top bt_bb_bottom_section_coverage_image bt_bb_section_with_bottom_coverage_image bt_bb_top_spacing_large bt_bb_bottom_spacing_large\" style=\"; --section-primary-color:#ffffff; --section-secondary-color:#212120;;background-color:rgb(33,33,32);\" data-bt-override-class=\"{&quot;bt_bb_top_spacing_&quot;:{&quot;current_class&quot;:&quot;bt_bb_top_spacing_large&quot;,&quot;def&quot;:&quot;large&quot;},&quot;bt_bb_bottom_spacing_&quot;:{&quot;current_class&quot;:&quot;bt_bb_bottom_spacing_large&quot;,&quot;def&quot;:&quot;large&quot;}}\"><div class=\"bt_bb_port\"><div class=\"bt_bb_cell\"><div class=\"bt_bb_cell_inner\"><div class=\"bt_bb_row \"  data-bt-override-class=\"{}\"><div class=\"bt_bb_row_holder\" ><div  class=\"bt_bb_column col-xxl-3 col-xl-3 bt_bb_vertical_align_top bt_bb_align_left bt_bb_padding_normal\" style=\"; --column-width:3;\" data-width=\"3\" data-bt-override-class=\"{}\"><div class=\"bt_bb_column_content\"><div class=\"bt_bb_column_content_inner\"><\/div><\/div><\/div><div  class=\"bt_bb_column col-xxl-6 col-xl-6 bt_bb_vertical_align_middle bt_bb_align_center bt_bb_padding_normal bt_bb_animation_fade_in zoom_out animate\" style=\"; --column-width:6;\" data-width=\"6\" data-bt-override-class=\"{}\"><div class=\"bt_bb_column_content\"><div class=\"bt_bb_column_content_inner\"><div data-bb-version=\"4.7.6\" class=\"bt_bb_separator bt_bb_border_style_none bt_bb_border_color_none bt_bb_top_spacing_small bt_bb_bottom_spacing_small\" data-bt-override-class=\"{&quot;bt_bb_top_spacing_&quot;:{&quot;current_class&quot;:&quot;bt_bb_top_spacing_small&quot;,&quot;def&quot;:&quot;small&quot;},&quot;bt_bb_bottom_spacing_&quot;:{&quot;current_class&quot;:&quot;bt_bb_bottom_spacing_small&quot;,&quot;def&quot;:&quot;small&quot;}}\"><\/div><header data-bb-version=\"5.5.7\" class=\"bt_bb_headline bt_bb_font_weight_bold bt_bb_dash_none bt_bb_supertitle_style_accent bt_bb_size_extralarge bt_bb_align_inherit\" data-bt-override-class=\"{&quot;bt_bb_size_&quot;:{&quot;current_class&quot;:&quot;bt_bb_size_extralarge&quot;,&quot;def&quot;:&quot;extralarge&quot;},&quot;bt_bb_align_&quot;:{&quot;current_class&quot;:&quot;bt_bb_align_inherit&quot;,&quot;def&quot;:&quot;inherit&quot;},&quot;bt_bb_animation_&quot;:{&quot;current_class&quot;:&quot;bt_bb_animation_no_animation&quot;,&quot;def&quot;:&quot;no_animation&quot;}}\"><h1 style=\"letter-spacing:-3px\" class=\"bt_bb_headline_tag\"><span class=\"bt_bb_headline_content\"><span>Carri\u00e8re<\/span><\/span><\/h1><\/header><\/div><\/div><\/div><div  class=\"bt_bb_column col-xxl-3 col-xl-3 bt_bb_vertical_align_top bt_bb_align_left bt_bb_padding_normal\" style=\"; --column-width:3;\" data-width=\"3\" data-bt-override-class=\"{}\"><div class=\"bt_bb_column_content\"><div class=\"bt_bb_column_content_inner\"><\/div><\/div><\/div><\/div><\/div><\/div><!-- cell_inner --><\/div><!-- cell --><\/div><!-- port --><div class=\"bt_bb_section_bottom_section_coverage_image\"><img decoding=\"async\" src=\"https:\/\/cadolino-werbeartikel.ch\/wp-content\/uploads\/2020\/10\/bottom_left_white-2.png\" alt=\"bt_bb_section_bottom_section_coverage_image\" \/><\/div><\/section><section data-bb-version=\"4.6.1\" id=\"bt_bb_section69e6519e08c84\" class=\"bt_bb_section bt_bb_color_scheme_2 bt_bb_layout_boxed_1200 bt_bb_vertical_align_top bt_bb_top_spacing_normal bt_bb_bottom_spacing_none\" style=\"; --section-primary-color:#191919; --section-secondary-color:#ffffff;\" data-bt-override-class=\"{&quot;bt_bb_top_spacing_&quot;:{&quot;current_class&quot;:&quot;bt_bb_top_spacing_normal&quot;,&quot;def&quot;:&quot;normal&quot;},&quot;bt_bb_bottom_spacing_&quot;:{&quot;current_class&quot;:&quot;bt_bb_bottom_spacing_none&quot;,&quot;def&quot;:&quot;none&quot;}}\"><div class=\"bt_bb_port\"><div class=\"bt_bb_cell\"><div class=\"bt_bb_cell_inner\"><div class=\"bt_bb_row \"  data-bt-override-class=\"{}\"><div class=\"bt_bb_row_holder\" ><div  class=\"bt_bb_column col-xxl-12 col-xl-12 col-xs-12 col-sm-12 col-md-12 col-lg-12 bt_bb_vertical_align_top bt_bb_align_left bt_bb_padding_normal bt_bb_animation_fade_in animate\" style=\"; --column-width:12;\" data-width=\"12\" data-bt-override-class=\"{}\"><div class=\"bt_bb_column_content\"><div class=\"bt_bb_column_content_inner\"><header data-bb-version=\"4.7.6\" class=\"bt_bb_headline bt_bb_dash_none btNoHeadline bt_bb_size_medium bt_bb_align_inherit\" data-bt-override-class=\"{&quot;bt_bb_size_&quot;:{&quot;current_class&quot;:&quot;bt_bb_size_medium&quot;,&quot;def&quot;:&quot;medium&quot;},&quot;bt_bb_align_&quot;:{&quot;current_class&quot;:&quot;bt_bb_align_inherit&quot;,&quot;def&quot;:&quot;inherit&quot;}}\"><\/header><div data-bb-version=\"4.6.1\" class=\"bt_bb_separator bt_bb_border_style_none bt_bb_border_color_none bt_bb_top_spacing_small bt_bb_bottom_spacing_none\" data-bt-override-class=\"{&quot;bt_bb_top_spacing_&quot;:{&quot;current_class&quot;:&quot;bt_bb_top_spacing_small&quot;,&quot;def&quot;:&quot;small&quot;},&quot;bt_bb_bottom_spacing_&quot;:{&quot;current_class&quot;:&quot;bt_bb_bottom_spacing_none&quot;,&quot;def&quot;:&quot;none&quot;}}\"><\/div><div data-bb-version=\"4.6.1\"  class=\"bt_bb_text\" ><\/p>\n<h6>\u00a0<\/h6>\n<p>\u00a0<\/p>\n<h6>cadolino-werbeartikel recherche des renforts pour son service commercial !<\/h6>\n<p><span lang=\"DE\">Si tu aimes \u00eatre proche des clients, saisir les opportunit\u00e9s et que tu t&#8217;int\u00e9resses aux articles publicitaires et cadeaux promotionnels cr\u00e9atifs, continue \u00e0 lire.<\/span><\/p>\n<div>\n<p>Chez <strong>cadolino\u00ae<\/strong>, nous travaillons depuis plus de 35 ans \u00e0 am\u00e9liorer la visibilit\u00e9 des marques. Nous recherchons maintenant un <strong>repr\u00e9sentant commercial (h\/f\/d)<\/strong> qui continuera \u00e0 grandir avec nous.<\/p>\n<p><strong>Tes missions :<\/strong><\/p>\n<\/div>\n<div>\n<ul>\n<li>\u00c9tablir et entretenir des relations<\/li>\n<li>Conclure des contrats avec assurance<\/li>\n<li>Identifier et exploiter les tendances<\/li>\n<li>Travailler en \u00e9troite collaboration avec les responsables de marque et le service interne<\/li>\n<\/ul>\n<p><strong>Ce que vous apportez :<\/strong><\/p>\n<ul>\n<li>Exp\u00e9rience dans la vente (connaissance du secteur = un plus)<\/li>\n<li>R\u00e9seau et dynamisme<\/li>\n<li>Ma\u00eetrise de l&#8217;allemand et du suisse allemand \u2013 anglais\/albanais appr\u00e9ci\u00e9<\/li>\n<\/ul>\n<\/div>\n<div>\n<p><strong>Ce qui vous attend :<\/strong><\/p>\n<ul>\n<li>Beaucoup de libert\u00e9<\/li>\n<li>Environnement cr\u00e9atif<\/li>\n<li>R\u00e9mun\u00e9ration \u00e9quitable \u2013 mod\u00e8le de commission int\u00e9ressant<\/li>\n<li>\u00c9volution plut\u00f4t que stagnation<\/li>\n<\/ul>\n<\/div>\n<p>\u00a0<\/p>\n<div>\n<p>Cela vous correspond ? Alors contactez <strong>Marcel Spiess<\/strong><\/p>\n<\/div>\n<p>\n<\/div><div data-bb-version=\"4.6.1\" class=\"bt_bb_separator bt_bb_border_style_none bt_bb_border_color_none bt_bb_top_spacing_normal bt_bb_bottom_spacing_none\" data-bt-override-class=\"{&quot;bt_bb_top_spacing_&quot;:{&quot;current_class&quot;:&quot;bt_bb_top_spacing_normal&quot;,&quot;def&quot;:&quot;normal&quot;},&quot;bt_bb_bottom_spacing_&quot;:{&quot;current_class&quot;:&quot;bt_bb_bottom_spacing_none&quot;,&quot;def&quot;:&quot;none&quot;}}\"><\/div><div class=\"bt_bb_separator bt_bb_border_style_none bt_bb_bottom_spacing_medium\" data-bt-override-class=\"null\"><\/div><\/div><\/div><\/div><\/div><\/div><\/div><!-- cell_inner --><\/div><!-- cell --><\/div><!-- port --><\/section><\/p>\n","protected":false},"excerpt":{"rendered":"","protected":false},"author":237710207,"featured_media":0,"parent":0,"menu_order":0,"comment_status":"closed","ping_status":"open","template":"","meta":{"footnotes":""},"class_list":["post-47337","page","type-page","status-publish","hentry"],"yoast_head":"<!-- This site is optimized with the Yoast SEO Premium plugin v27.1 (Yoast SEO v27.1.1) - https:\/\/yoast.com\/product\/yoast-seo-premium-wordpress\/ -->\n<title>cadolino-werbeartikel recherche des renforts pour son service commercial ! - cadolino<\/title>\n<meta name=\"robots\" content=\"index, follow, max-snippet:-1, max-image-preview:large, max-video-preview:-1\" \/>\n<link rel=\"canonical\" href=\"https:\/\/cadolino-werbeartikel.ch\/fr\/cadolino-werbeartikel-recherche-des-renforts-pour-son-service-commercial\/\" \/>\n<meta property=\"og:locale\" content=\"fr_FR\" \/>\n<meta property=\"og:type\" content=\"article\" \/>\n<meta property=\"og:title\" content=\"cadolino-werbeartikel recherche des renforts pour son service commercial !\" \/>\n<meta property=\"og:url\" content=\"https:\/\/cadolino-werbeartikel.ch\/fr\/cadolino-werbeartikel-recherche-des-renforts-pour-son-service-commercial\/\" \/>\n<meta property=\"og:site_name\" content=\"cadolino\" \/>\n<meta property=\"article:publisher\" content=\"https:\/\/de-de.facebook.com\/cadolinoSchweiz\" \/>\n<meta property=\"article:modified_time\" content=\"2025-12-31T10:59:53+00:00\" \/>\n<meta name=\"twitter:card\" content=\"summary_large_image\" \/>\n<meta name=\"twitter:label1\" content=\"Est. reading time\" \/>\n\t<meta name=\"twitter:data1\" content=\"1 minute\" \/>\n<script type=\"application\/ld+json\" class=\"yoast-schema-graph\">{\"@context\":\"https:\/\/schema.org\",\"@graph\":[{\"@type\":\"WebPage\",\"@id\":\"https:\/\/cadolino-werbeartikel.ch\/fr\/cadolino-werbeartikel-recherche-des-renforts-pour-son-service-commercial\/\",\"url\":\"https:\/\/cadolino-werbeartikel.ch\/fr\/cadolino-werbeartikel-recherche-des-renforts-pour-son-service-commercial\/\",\"name\":\"cadolino-werbeartikel recherche des renforts pour son service commercial ! - cadolino\",\"isPartOf\":{\"@id\":\"https:\/\/cadolino-werbeartikel.ch\/fr\/#website\"},\"datePublished\":\"2025-12-31T10:03:43+00:00\",\"dateModified\":\"2025-12-31T10:59:53+00:00\",\"breadcrumb\":{\"@id\":\"https:\/\/cadolino-werbeartikel.ch\/fr\/cadolino-werbeartikel-recherche-des-renforts-pour-son-service-commercial\/#breadcrumb\"},\"inLanguage\":\"fr-FR\",\"potentialAction\":[{\"@type\":\"ReadAction\",\"target\":[\"https:\/\/cadolino-werbeartikel.ch\/fr\/cadolino-werbeartikel-recherche-des-renforts-pour-son-service-commercial\/\"]}]},{\"@type\":\"BreadcrumbList\",\"@id\":\"https:\/\/cadolino-werbeartikel.ch\/fr\/cadolino-werbeartikel-recherche-des-renforts-pour-son-service-commercial\/#breadcrumb\",\"itemListElement\":[{\"@type\":\"ListItem\",\"position\":1,\"name\":\"Startseite\",\"item\":\"https:\/\/cadolino-werbeartikel.ch\/fr\/\"},{\"@type\":\"ListItem\",\"position\":2,\"name\":\"cadolino-werbeartikel recherche des renforts pour son service commercial !\"}]},{\"@type\":\"WebSite\",\"@id\":\"https:\/\/cadolino-werbeartikel.ch\/fr\/#website\",\"url\":\"https:\/\/cadolino-werbeartikel.ch\/fr\/\",\"name\":\"cadolino Werbeartikel Schweiz\",\"description\":\"Werbegeschenke\",\"publisher\":{\"@id\":\"https:\/\/cadolino-werbeartikel.ch\/fr\/#organization\"},\"potentialAction\":[{\"@type\":\"SearchAction\",\"target\":{\"@type\":\"EntryPoint\",\"urlTemplate\":\"https:\/\/cadolino-werbeartikel.ch\/fr\/?s={search_term_string}\"},\"query-input\":{\"@type\":\"PropertyValueSpecification\",\"valueRequired\":true,\"valueName\":\"search_term_string\"}}],\"inLanguage\":\"fr-FR\"},{\"@type\":\"Organization\",\"@id\":\"https:\/\/cadolino-werbeartikel.ch\/fr\/#organization\",\"name\":\"cadolino werbeartikel schweiz\",\"alternateName\":\"comTeam AG cadolino\",\"url\":\"https:\/\/cadolino-werbeartikel.ch\/fr\/\",\"logo\":{\"@type\":\"ImageObject\",\"inLanguage\":\"fr-FR\",\"@id\":\"https:\/\/cadolino-werbeartikel.ch\/fr\/#\/schema\/logo\/image\/\",\"url\":\"https:\/\/cadolino-werbeartikel.ch\/wp-content\/uploads\/2025\/06\/Logo_cadolino_neu-Claim.png\",\"contentUrl\":\"https:\/\/cadolino-werbeartikel.ch\/wp-content\/uploads\/2025\/06\/Logo_cadolino_neu-Claim.png\",\"width\":1313,\"height\":443,\"caption\":\"cadolino werbeartikel schweiz\"},\"image\":{\"@id\":\"https:\/\/cadolino-werbeartikel.ch\/fr\/#\/schema\/logo\/image\/\"},\"sameAs\":[\"https:\/\/de-de.facebook.com\/cadolinoSchweiz\",\"https:\/\/www.linkedin.com\/company\/comteam-ag-cadolino\/\",\"https:\/\/www.instagram.com\/cadolino_com\/\",\"https:\/\/www.youtube.com\/channel\/UCoGYtOpTZ5T1aBzxaFUA_ug\/videos\"]}]}<\/script>\n<!-- \/ Yoast SEO Premium plugin. -->","yoast_head_json":{"title":"cadolino-werbeartikel recherche des renforts pour son service commercial ! - cadolino","robots":{"index":"index","follow":"follow","max-snippet":"max-snippet:-1","max-image-preview":"max-image-preview:large","max-video-preview":"max-video-preview:-1"},"canonical":"https:\/\/cadolino-werbeartikel.ch\/fr\/cadolino-werbeartikel-recherche-des-renforts-pour-son-service-commercial\/","og_locale":"fr_FR","og_type":"article","og_title":"cadolino-werbeartikel recherche des renforts pour son service commercial !","og_url":"https:\/\/cadolino-werbeartikel.ch\/fr\/cadolino-werbeartikel-recherche-des-renforts-pour-son-service-commercial\/","og_site_name":"cadolino","article_publisher":"https:\/\/de-de.facebook.com\/cadolinoSchweiz","article_modified_time":"2025-12-31T10:59:53+00:00","twitter_card":"summary_large_image","twitter_misc":{"Est. reading time":"1 minute"},"schema":{"@context":"https:\/\/schema.org","@graph":[{"@type":"WebPage","@id":"https:\/\/cadolino-werbeartikel.ch\/fr\/cadolino-werbeartikel-recherche-des-renforts-pour-son-service-commercial\/","url":"https:\/\/cadolino-werbeartikel.ch\/fr\/cadolino-werbeartikel-recherche-des-renforts-pour-son-service-commercial\/","name":"cadolino-werbeartikel recherche des renforts pour son service commercial ! - cadolino","isPartOf":{"@id":"https:\/\/cadolino-werbeartikel.ch\/fr\/#website"},"datePublished":"2025-12-31T10:03:43+00:00","dateModified":"2025-12-31T10:59:53+00:00","breadcrumb":{"@id":"https:\/\/cadolino-werbeartikel.ch\/fr\/cadolino-werbeartikel-recherche-des-renforts-pour-son-service-commercial\/#breadcrumb"},"inLanguage":"fr-FR","potentialAction":[{"@type":"ReadAction","target":["https:\/\/cadolino-werbeartikel.ch\/fr\/cadolino-werbeartikel-recherche-des-renforts-pour-son-service-commercial\/"]}]},{"@type":"BreadcrumbList","@id":"https:\/\/cadolino-werbeartikel.ch\/fr\/cadolino-werbeartikel-recherche-des-renforts-pour-son-service-commercial\/#breadcrumb","itemListElement":[{"@type":"ListItem","position":1,"name":"Startseite","item":"https:\/\/cadolino-werbeartikel.ch\/fr\/"},{"@type":"ListItem","position":2,"name":"cadolino-werbeartikel recherche des renforts pour son service commercial !"}]},{"@type":"WebSite","@id":"https:\/\/cadolino-werbeartikel.ch\/fr\/#website","url":"https:\/\/cadolino-werbeartikel.ch\/fr\/","name":"cadolino Werbeartikel Schweiz","description":"Werbegeschenke","publisher":{"@id":"https:\/\/cadolino-werbeartikel.ch\/fr\/#organization"},"potentialAction":[{"@type":"SearchAction","target":{"@type":"EntryPoint","urlTemplate":"https:\/\/cadolino-werbeartikel.ch\/fr\/?s={search_term_string}"},"query-input":{"@type":"PropertyValueSpecification","valueRequired":true,"valueName":"search_term_string"}}],"inLanguage":"fr-FR"},{"@type":"Organization","@id":"https:\/\/cadolino-werbeartikel.ch\/fr\/#organization","name":"cadolino werbeartikel schweiz","alternateName":"comTeam AG cadolino","url":"https:\/\/cadolino-werbeartikel.ch\/fr\/","logo":{"@type":"ImageObject","inLanguage":"fr-FR","@id":"https:\/\/cadolino-werbeartikel.ch\/fr\/#\/schema\/logo\/image\/","url":"https:\/\/cadolino-werbeartikel.ch\/wp-content\/uploads\/2025\/06\/Logo_cadolino_neu-Claim.png","contentUrl":"https:\/\/cadolino-werbeartikel.ch\/wp-content\/uploads\/2025\/06\/Logo_cadolino_neu-Claim.png","width":1313,"height":443,"caption":"cadolino werbeartikel schweiz"},"image":{"@id":"https:\/\/cadolino-werbeartikel.ch\/fr\/#\/schema\/logo\/image\/"},"sameAs":["https:\/\/de-de.facebook.com\/cadolinoSchweiz","https:\/\/www.linkedin.com\/company\/comteam-ag-cadolino\/","https:\/\/www.instagram.com\/cadolino_com\/","https:\/\/www.youtube.com\/channel\/UCoGYtOpTZ5T1aBzxaFUA_ug\/videos"]}]}},"_links":{"self":[{"href":"https:\/\/cadolino-werbeartikel.ch\/fr\/wp-json\/wp\/v2\/pages\/47337","targetHints":{"allow":["GET"]}}],"collection":[{"href":"https:\/\/cadolino-werbeartikel.ch\/fr\/wp-json\/wp\/v2\/pages"}],"about":[{"href":"https:\/\/cadolino-werbeartikel.ch\/fr\/wp-json\/wp\/v2\/types\/page"}],"author":[{"embeddable":true,"href":"https:\/\/cadolino-werbeartikel.ch\/fr\/wp-json\/wp\/v2\/users\/237710207"}],"replies":[{"embeddable":true,"href":"https:\/\/cadolino-werbeartikel.ch\/fr\/wp-json\/wp\/v2\/comments?post=47337"}],"version-history":[{"count":8,"href":"https:\/\/cadolino-werbeartikel.ch\/fr\/wp-json\/wp\/v2\/pages\/47337\/revisions"}],"predecessor-version":[{"id":47387,"href":"https:\/\/cadolino-werbeartikel.ch\/fr\/wp-json\/wp\/v2\/pages\/47337\/revisions\/47387"}],"wp:attachment":[{"href":"https:\/\/cadolino-werbeartikel.ch\/fr\/wp-json\/wp\/v2\/media?parent=47337"}],"curies":[{"name":"wp","href":"https:\/\/api.w.org\/{rel}","templated":true}]}}